{"id":4686,"date":"2020-04-22T12:05:05","date_gmt":"2020-04-22T10:05:05","guid":{"rendered":"https:\/\/www.bumbal.eu\/home\/"},"modified":"2021-03-24T13:16:04","modified_gmt":"2021-03-24T12:16:04","slug":"home","status":"publish","type":"page","link":"https:\/\/www.bumbal.eu\/es\/home\/","title":{"rendered":"Home"},"content":{"rendered":"\n<section class=\"block-masthead-big\" style=\"background-image: url('https:\/\/www.bumbal.eu\/wp-content\/uploads\/2020\/05\/bumbal-raod-scaled.jpg');\">\n\t<div class=\"container-fluid\">\n\t\t<div class=\"row\">\n\t\t\t<div class=\"col-lg-8\">\n\t\t\t\t<div class=\"entry-content text-center\">\n\t\t\t\t\t<h2><strong>Software inteligente para\u00a0<\/strong><\/h2>\n<h2>Concretar entregas online, planificaci\u00f3n y track &amp; trace<\/h2>\n<p>Quota mensual desde \u20ac 25 al mes<br \/>\nPosibilidad de cancel cada mes<\/p>\n<p>&nbsp;<\/p>\n\t\t\t\t<\/div>\n\t\t\t<\/div>\n\t\t<\/div>\n\t\t<div class=\"row\">\n\t\t\t<div class=\"col-lg-8\">\n\t\t\t\t<div class=\"block-masthead-big__flip-image-wrapper\">\n\t\t\t\t\t<div class=\"block-masthead-big__flip-image\" style=\"background-image: url('https:\/\/www.bumbal.eu\/wp-content\/uploads\/2021\/03\/bumbal-ani_goyellow.gif');\"><\/div>\n\t\t\t\t\t<div class=\"block-masthead-big__flip-image-mobile\" style=\"background-image: url('https:\/\/www.bumbal.eu\/wp-content\/uploads\/2021\/03\/bumbal-ani_goyellow.gif');\"><\/div>\t\t\t\t\t\t\n\t\t\t\t<\/div>\t\t\t\t\n\t\t\t\t<div class=\"block-masthead-big__buttons-wrapper\">\n\t\t\t\t\t<a class=\"btn\" href=\"https:\/\/www.bumbal.eu\/es\/home\/\">Pide gratis una demostraci\u00f3n<\/a>\n\t\t\t\t\t<a class=\"btn\" href=\"https:\/\/www.bumbal.eu\/es\/home\/\">Calcula aqu\u00ed tu ahorro<\/a>\n\t\t\t\t<\/div>\n\t\t\t<\/div>\n\t\t<\/div>\n\t<\/div>\n\t<div class=\"block-masthead-big__image-right-top\">\n\t\t<a href=\"https:\/\/www.bumbal.eu\/es\/home\/\" target=\"_blank\">\n\t\t\t<img decoding=\"async\" class=\"img-fluid\" src=\"https:\/\/www.bumbal.eu\/wp-content\/uploads\/2020\/06\/100-saas.png\" alt=\"\">\t\t\t\n\t\t<\/a>\n\t<\/div>\n<\/section>\n\n\n\t<section class=\"block-video\">\n\t\t<div class=\"container\">\n\t\t\t<div class=\"row\">\n\t\t\t\t<div class=\"col-lg-6\">\n\t\t\t\t\t<div class=\"entry-content\">\n\t\t\t\t\t\t<p style=\"text-align: center;\">Software de transporte f\u00e1cil de usar para organizar inteligentemente entregas. Bumbal consigue una mejor experiencia para el cliente por menos coste.<\/p>\n<p style=\"text-align: center;\">Para Pymes, mayoristas, webshops, empresas de producci\u00f3n y empresas de servicio (por ejemplo instaladores, mantenimiento o cuidado en el hogar) con\u00a0<strong>veh\u00edculos propios<\/strong>\u00a0y para transportistas.<\/p>\n<p style=\"text-align: center;\"><a class=\"btn btn--secondary\" href=\"https:\/\/www.bumbal.eu\/contact\/\">Empezado ya?. \u00a0Contactanos<\/a><\/p>\n\t\t\t\t\t\t\t\t\t\t\t\t\t<div class=\"block-video__read-more-wrapper\">\n\t\t\t\t\t\t\t\t<a href=\"#\" class=\"block-video__read-more\">\n\t\t\t\t\t\t\t\t\t<span class=\"color-secondary\">\n\t\t\t\t\t\t\t\t\t\tLee mas\t\t\t\t\t\t\t\t\t<\/span>\n\t\t\t\t\t\t\t\t<\/a>\n\t\t\t\t\t\t\t<\/div>\n\t\t\t\t\t\t\t\t\t\t\t<\/div>\n\t\t\t\t<\/div>\n\t\t\t\t\t\t\t\t\t<div class=\"col-12 d-lg-none\">\n\t\t\t\t\t\t<div class=\"entry-content\">\n\t\t\t\t\t\t\t<div class=\"block-video__wysiwyg-read-more\">\n\t\t\t\t\t\t\t\t<p>&nbsp;<\/p>\n<p style=\"text-align: center;\">Organiza con 1 Click\u00a0<strong>la entrega perfecta<\/strong>. Ook bij een planning over meerdere ritten en\/of dagen. En maak optioneel gemakkelijk automatisch de afspraken voor bezorging of service. Hierbij kunnen klanten alleen kiezen uit tijdvakken die passen in een effici\u00ebnte route. Bumbal checkt dat vooraf automatisch in de lopende planning. Zowel de klant als de planner volgen de status via track en trace. En in de ge\u00efntegreerde App registreert de chauffeur de werkzaamheden onderweg, inclusief foto\u2019s, handtekeningen en eventuele afwijkingen.<\/p>\n\t\t\t\t\t\t\t\t<a href=\"#\" class=\"block-video__read-less\">\n\t\t\t\t\t\t\t\t\t<span class=\"color-secondary\">\n\t\t\t\t\t\t\t\t\t\tEspalda\t\t\t\t\t\t\t\t\t<\/span>\n\t\t\t\t\t\t\t\t<\/a>\n\t\t\t\t\t\t\t<\/div>\n\t\t\t\t\t\t<\/div>\n\t\t\t\t\t<\/div>\t\n\t\t\t\t\t\t\t\n\t\t\t\t<div class=\"col-lg-6\">\n\t\t\t\t\t<div class=\"block-video__video-frame\">\n\t\t\t\t\t\t<div class=\"embed-responsive embed-responsive-16by9\">\n\t\t\t\t\t\t\t<iframe class=\"embed-responsive-item\" src=\"https:\/\/www.youtube.com\/embed\/IutRidlLiCQ?rel=0&showinfo=0&modestbranding=1\" allowfullscreen><\/iframe>\n\t\t\t\t\t\t<\/div>\n\t\t\t\t\t<\/div>\n\t\t\t\t<\/div>\n\t\t\t<\/div>\n\t\t\t\t\t\t\t<div class=\"row\">\n\t\t\t\t\t<div class=\"col-12 d-none d-lg-block\">\n\t\t\t\t\t\t<div class=\"entry-content\">\n\t\t\t\t\t\t\t<div class=\"block-video__wysiwyg-read-more\">\n\t\t\t\t\t\t\t\t<p>&nbsp;<\/p>\n<p style=\"text-align: center;\">Organiza con 1 Click\u00a0<strong>la entrega perfecta<\/strong>. Ook bij een planning over meerdere ritten en\/of dagen. En maak optioneel gemakkelijk automatisch de afspraken voor bezorging of service. Hierbij kunnen klanten alleen kiezen uit tijdvakken die passen in een effici\u00ebnte route. Bumbal checkt dat vooraf automatisch in de lopende planning. Zowel de klant als de planner volgen de status via track en trace. En in de ge\u00efntegreerde App registreert de chauffeur de werkzaamheden onderweg, inclusief foto\u2019s, handtekeningen en eventuele afwijkingen.<\/p>\n\t\t\t\t\t\t\t\t<a href=\"#\" class=\"block-video__read-less\">\n\t\t\t\t\t\t\t\t\t<span class=\"color-secondary\">\n\t\t\t\t\t\t\t\t\t\tEspalda\t\n\t\t\t\t\t\t\t\t\t<\/span>\n\t\t\t\t\t\t\t\t<\/a>\n\t\t\t\t\t\t\t<\/div>\n\t\t\t\t\t\t<\/div>\n\t\t\t\t\t<\/div>\n\t\t\t\t<\/div>\n\t\t\t\t\t<\/div>\n\t<\/section>\n\n\n\n\n\t<section class=\"block-item-blocks bg-color-lightgrey pt-0\">\n\t\t<div class=\"container block-item-blocks__container\">\n\t\t\t<div class=\"row\">\n\t\t\t\t\t\t\t\t\t\n\t\t\t\t\t\t\t\t\t\n\t\t\t\t\t\t\t\t\t\n\t\t\t\t\t\t\t<\/div>\n\t\t<\/div>\n\t<\/section>\n\n\n\n\n<section class=\"block-usps\">\n\t<div class=\"container\">\n\t\t<div class=\"row\">\n\t\t\t<div class=\"col-12\">\n\t\t\t\t<div class=\"text-center entry-content\">\n\t\t\t\t\t<h2 class=\"block-usps__title ff-primary\">\u00bfComo te va a ayudar Bumbal?<\/h2>\n\t\t\t\t\t<h3 class=\"block-usps__subtitle ff-primary\">Nuestras 6 garantias<\/h3>\n\t\t\t\t<\/div>\n\t\t\t<\/div>\n\t\t<\/div>\n\t\t<div class=\"row\">\n\t\t\t<div class=\"col-12\">\n\t\t\t\t<div class=\"block-usps__slick-nav\">\n\t\t\t\t\t\t\t\t\t\t\t\t<div>\n\t\t\t\t\t\t\t\t<div class=\"block-usps__slick-nav__slide\">\n\t\t\t\t\t\t\t\t\t<div class=\"block-usps__slick-nav__slide__counter\">1<\/div>\n\t\t\t\t\t\t\t\t\t<h3 class=\"block-usps__slick-nav__slide__title ff-primary\">Mejora la experiencia del cliente<\/h3>\n\t\t\t\t\t\t\t\t<\/div>\n\t\t\t\t\t\t\t<\/div>\n\t\t\t\t\t\t\t\t\t\t\t\t\t\t\t\t\t\t<div>\n\t\t\t\t\t\t\t\t<div class=\"block-usps__slick-nav__slide\">\n\t\t\t\t\t\t\t\t\t<div class=\"block-usps__slick-nav__slide__counter\">2<\/div>\n\t\t\t\t\t\t\t\t\t<h3 class=\"block-usps__slick-nav__slide__title ff-primary\">Ahorrar costes<\/h3>\n\t\t\t\t\t\t\t\t<\/div>\n\t\t\t\t\t\t\t<\/div>\n\t\t\t\t\t\t\t\t\t\t\t\t\t\t\t\t\t\t<div>\n\t\t\t\t\t\t\t\t<div class=\"block-usps__slick-nav__slide\">\n\t\t\t\t\t\t\t\t\t<div class=\"block-usps__slick-nav__slide__counter\">3<\/div>\n\t\t\t\t\t\t\t\t\t<h3 class=\"block-usps__slick-nav__slide__title ff-primary\">Reduce los kil\u00f3metros en vac\u00edo<\/h3>\n\t\t\t\t\t\t\t\t<\/div>\n\t\t\t\t\t\t\t<\/div>\n\t\t\t\t\t\t\t\t\t\t\t\t\t\t\t\t\t\t<div>\n\t\t\t\t\t\t\t\t<div class=\"block-usps__slick-nav__slide\">\n\t\t\t\t\t\t\t\t\t<div class=\"block-usps__slick-nav__slide__counter\">4<\/div>\n\t\t\t\t\t\t\t\t\t<h3 class=\"block-usps__slick-nav__slide__title ff-primary\">Una administraci\u00f3n mejor y simplificado<\/h3>\n\t\t\t\t\t\t\t\t<\/div>\n\t\t\t\t\t\t\t<\/div>\n\t\t\t\t\t\t\t\t\t\t\t\t\t\t\t\t\t\t<div>\n\t\t\t\t\t\t\t\t<div class=\"block-usps__slick-nav__slide\">\n\t\t\t\t\t\t\t\t\t<div class=\"block-usps__slick-nav__slide__counter\">5<\/div>\n\t\t\t\t\t\t\t\t\t<h3 class=\"block-usps__slick-nav__slide__title ff-primary\">Trabaja digital sin papel<\/h3>\n\t\t\t\t\t\t\t\t<\/div>\n\t\t\t\t\t\t\t<\/div>\n\t\t\t\t\t\t\t\t\t\t\t\t\t\t\t\t\t\t<div>\n\t\t\t\t\t\t\t\t<div class=\"block-usps__slick-nav__slide\">\n\t\t\t\t\t\t\t\t\t<div class=\"block-usps__slick-nav__slide__counter\">6<\/div>\n\t\t\t\t\t\t\t\t\t<h3 class=\"block-usps__slick-nav__slide__title ff-primary\">Hazlo f\u00e1cil<\/h3>\n\t\t\t\t\t\t\t\t<\/div>\n\t\t\t\t\t\t\t<\/div>\n\t\t\t\t\t\t\t\t\t\t\t\t\t\t\t<\/div>\n\t\t\t<\/div>\n\t\t<\/div>\n\t\t<div class=\"row\">\n\t\t\t<div class=\"col-12\">\n\t\t\t\t<div class=\"block-usps__slick\">\n\t\t\t\t\t\t\t\t\t\t\t\t<div>\n\t\t\t\t\t\t\t\t<div class=\"block-usps__slick__slide\">\n\t\t\t\t\t\t\t\t\t<div class=\"entry-content\">\n\t\t\t\t\t\t\t\t\t\t<p>Tienes la opci\u00f3n de ofrecer al cliente opciones de entrega y proporcionar directamente mejor informaci\u00f3n sobre el estado. Por lo tanto, los clientes programan una cita ellos mismos cuando les conviene. Ellos mismos eligen el momento ideal. Ese momento siempre encaja bien en tu planning.<\/p>\n\t\t\t\t\t\t\t\t\t<\/div>\n\t\t\t\t\t\t\t\t<\/div>\n\t\t\t\t\t\t\t<\/div>\n\t\t\t\t\t\t\t\t\t\t\t\t\t\t\t\t\t\t<div>\n\t\t\t\t\t\t\t\t<div class=\"block-usps__slick__slide\">\n\t\t\t\t\t\t\t\t\t<div class=\"entry-content\">\n\t\t\t\t\t\t\t\t\t\t<p>Planificas las rutas m\u00e1s eficientes en menos tiempo y organizas la cita para la entrega con los clientes sin problemas. Mucho m\u00e1s r\u00e1pido y mejor.<\/p>\n\t\t\t\t\t\t\t\t\t<\/div>\n\t\t\t\t\t\t\t\t<\/div>\n\t\t\t\t\t\t\t<\/div>\n\t\t\t\t\t\t\t\t\t\t\t\t\t\t\t\t\t\t<div>\n\t\t\t\t\t\t\t\t<div class=\"block-usps__slick__slide\">\n\t\t\t\t\t\t\t\t\t<div class=\"entry-content\">\n\t\t\t\t\t\t\t\t\t\t<p>De media ahorras hasta un 5% en kil\u00f3metros. Esto equivale a aproximadamente 1 tonelada de reducci\u00f3n de CO2, o una compensaci\u00f3n de 45 \u00e1rboles por veh\u00edculo por a\u00f1o.<\/p>\n\t\t\t\t\t\t\t\t\t<\/div>\n\t\t\t\t\t\t\t\t<\/div>\n\t\t\t\t\t\t\t<\/div>\n\t\t\t\t\t\t\t\t\t\t\t\t\t\t\t\t\t\t<div>\n\t\t\t\t\t\t\t\t<div class=\"block-usps__slick__slide\">\n\t\t\t\t\t\t\t\t\t<div class=\"entry-content\">\n\t\t\t\t\t\t\t\t\t\t<p>Siempre dispondr\u00e1s de un resumen actualizado de todas las actividades, la planificaci\u00f3n, el estado en ruta y cualquier desviaci\u00f3n. Adem\u00e1s, inmediatamente tienes un archivo completo de informaci\u00f3n.<\/p>\n\t\t\t\t\t\t\t\t\t<\/div>\n\t\t\t\t\t\t\t\t<\/div>\n\t\t\t\t\t\t\t<\/div>\n\t\t\t\t\t\t\t\t\t\t\t\t\t\t\t\t\t\t<div>\n\t\t\t\t\t\t\t\t<div class=\"block-usps__slick__slide\">\n\t\t\t\t\t\t\t\t\t<div class=\"entry-content\">\n\t\t\t\t\t\t\t\t\t\t<p>Planners, customer service, chauffeurs en buitendienstmedewerkers hebben altijd en overal toegang tot de planning. Zowel via desktop als via de app. Je hebt geen pakbon of rittenlijsten meer nodig. Alles wordt digitaal vastgelegd en is direct inzichtelijk.Los planificadores, el servicio al cliente, los conductores y el personal de campo tienen acceso a la planificaci\u00f3n en cualquier momento y lugar. Tanto a trav\u00e9s del ordenador como a trav\u00e9s de la APP. Ya no necesitas albaranes. Todo est\u00e1 guardado digitalmente y es inmediatamente accesible.<\/p>\n\t\t\t\t\t\t\t\t\t<\/div>\n\t\t\t\t\t\t\t\t<\/div>\n\t\t\t\t\t\t\t<\/div>\n\t\t\t\t\t\t\t\t\t\t\t\t\t\t\t\t\t\t<div>\n\t\t\t\t\t\t\t\t<div class=\"block-usps__slick__slide\">\n\t\t\t\t\t\t\t\t\t<div class=\"entry-content\">\n\t\t\t\t\t\t\t\t\t\t<p>Bumbal neemt werk uit handen. Je organiseert automatisch afspraken met klanten, plant automatisch en klanten, planners en chauffeurs hebben automatisch inzicht in de laatste stand van zaken.Bumbal te quita el trabajo de las manos. Organiza autom\u00e1ticamente las citas con los clientes, planifica autom\u00e1ticamente y los clientes, planificadores y conductores tienen informaci\u00f3n sobre el estado de las entregas en todo momento.<\/p>\n\t\t\t\t\t\t\t\t\t<\/div>\n\t\t\t\t\t\t\t\t<\/div>\n\t\t\t\t\t\t\t<\/div>\n\t\t\t\t\t\t\t\t\t\t\t\t\t\t\t<\/div>\n\t\t\t<\/div>\n\t\t<\/div>\n\t<\/div>\n<\/section>\n\n\n<section class=\"innerPad slideContainer _vPad-100_0\">\n    <div class=\"slider slider-for\">\n            <\/div>\n\t<div class=\"bgYellow2\" style='padding:0 50px;'>\n\t\t\t<div class=\"slider slider-nav\">\n\t\t\t\t\t\t\t<\/div>\n\t<\/div>\n    <div class=\"floated _vPad-100 slideButton\">\n        \t\t<img decoding=\"async\" src=\"https:\/\/www.bumbal.eu\/wp-content\/themes\/bumbal-child\/assets\/img\/lines\/line-6.png\" class=\"line5\" \/>\n        <img decoding=\"async\" src=\"https:\/\/www.bumbal.eu\/wp-content\/themes\/bumbal-child\/assets\/img\/bumbal-bee.svg\" class=\"bumbalBee right\" \/>\n    <\/div>\n<\/section>\n\n<section class=\"block-latest-news bg-color-lightgrey\">\n\t<div class=\"container\">\n\t\t<div class=\"row\">\n\t\t\t<div class=\"col-lg-8 block-latest-news__first-item-column\">\n\t\t\t\t\t\t\t\t\t\t\t<\/div>\n\t\t\t<div class=\"col-lg-4\">\n\t\t\t\t\t\t\t\t\t\t\t<\/div>\n\t\t<\/div>\n\t<\/div>\n<\/section>","protected":false},"excerpt":{"rendered":"","protected":false},"author":9,"featured_media":0,"parent":0,"menu_order":1,"comment_status":"closed","ping_status":"closed","template":"","meta":{"_acf_changed":false,"inline_featured_image":false,"footnotes":""},"class_list":["post-4686","page","type-page","status-publish","hentry"],"acf":[],"yoast_head":"<!-- This site is optimized with the Yoast SEO plugin v27.0 - https:\/\/yoast.com\/product\/yoast-seo-wordpress\/ -->\n<title>Home - Bumbal<\/title>\n<meta name=\"robots\" content=\"index, follow, max-snippet:-1, max-image-preview:large, max-video-preview:-1\" \/>\n<link rel=\"canonical\" href=\"https:\/\/www.bumbal.eu\/home\/\" \/>\n<meta property=\"og:locale\" content=\"es_ES\" \/>\n<meta property=\"og:type\" content=\"article\" \/>\n<meta property=\"og:title\" content=\"Home - Bumbal\" \/>\n<meta property=\"og:url\" content=\"https:\/\/www.bumbal.eu\/home\/\" \/>\n<meta property=\"og:site_name\" content=\"Bumbal\" \/>\n<meta property=\"article:modified_time\" content=\"2021-03-24T12:16:04+00:00\" \/>\n<meta name=\"twitter:card\" content=\"summary_large_image\" \/>\n<script type=\"application\/ld+json\" class=\"yoast-schema-graph\">{\"@context\":\"https:\/\/schema.org\",\"@graph\":[{\"@type\":\"WebPage\",\"@id\":\"https:\/\/www.bumbal.eu\/home\/\",\"url\":\"https:\/\/www.bumbal.eu\/home\/\",\"name\":\"Home - Bumbal\",\"isPartOf\":{\"@id\":\"https:\/\/www.bumbal.eu\/#website\"},\"datePublished\":\"2020-04-22T10:05:05+00:00\",\"dateModified\":\"2021-03-24T12:16:04+00:00\",\"breadcrumb\":{\"@id\":\"https:\/\/www.bumbal.eu\/home\/#breadcrumb\"},\"inLanguage\":\"es\",\"potentialAction\":[{\"@type\":\"ReadAction\",\"target\":[\"https:\/\/www.bumbal.eu\/home\/\"]}]},{\"@type\":\"BreadcrumbList\",\"@id\":\"https:\/\/www.bumbal.eu\/home\/#breadcrumb\",\"itemListElement\":[{\"@type\":\"ListItem\",\"position\":1,\"name\":\"Home\",\"item\":\"https:\/\/www.bumbal.eu\/es\/\"},{\"@type\":\"ListItem\",\"position\":2,\"name\":\"Home\"}]},{\"@type\":\"WebSite\",\"@id\":\"https:\/\/www.bumbal.eu\/#website\",\"url\":\"https:\/\/www.bumbal.eu\/\",\"name\":\"Bumbal\",\"description\":\"Transport software | Bezorg software | Afspraken software\",\"potentialAction\":[{\"@type\":\"SearchAction\",\"target\":{\"@type\":\"EntryPoint\",\"urlTemplate\":\"https:\/\/www.bumbal.eu\/?s={search_term_string}\"},\"query-input\":{\"@type\":\"PropertyValueSpecification\",\"valueRequired\":true,\"valueName\":\"search_term_string\"}}],\"inLanguage\":\"es\"}]}<\/script>\n<!-- \/ Yoast SEO plugin. -->","yoast_head_json":{"title":"Home - Bumbal","robots":{"index":"index","follow":"follow","max-snippet":"max-snippet:-1","max-image-preview":"max-image-preview:large","max-video-preview":"max-video-preview:-1"},"canonical":"https:\/\/www.bumbal.eu\/home\/","og_locale":"es_ES","og_type":"article","og_title":"Home - Bumbal","og_url":"https:\/\/www.bumbal.eu\/home\/","og_site_name":"Bumbal","article_modified_time":"2021-03-24T12:16:04+00:00","twitter_card":"summary_large_image","schema":{"@context":"https:\/\/schema.org","@graph":[{"@type":"WebPage","@id":"https:\/\/www.bumbal.eu\/home\/","url":"https:\/\/www.bumbal.eu\/home\/","name":"Home - Bumbal","isPartOf":{"@id":"https:\/\/www.bumbal.eu\/#website"},"datePublished":"2020-04-22T10:05:05+00:00","dateModified":"2021-03-24T12:16:04+00:00","breadcrumb":{"@id":"https:\/\/www.bumbal.eu\/home\/#breadcrumb"},"inLanguage":"es","potentialAction":[{"@type":"ReadAction","target":["https:\/\/www.bumbal.eu\/home\/"]}]},{"@type":"BreadcrumbList","@id":"https:\/\/www.bumbal.eu\/home\/#breadcrumb","itemListElement":[{"@type":"ListItem","position":1,"name":"Home","item":"https:\/\/www.bumbal.eu\/es\/"},{"@type":"ListItem","position":2,"name":"Home"}]},{"@type":"WebSite","@id":"https:\/\/www.bumbal.eu\/#website","url":"https:\/\/www.bumbal.eu\/","name":"Bumbal","description":"Transport software | Bezorg software | Afspraken software","potentialAction":[{"@type":"SearchAction","target":{"@type":"EntryPoint","urlTemplate":"https:\/\/www.bumbal.eu\/?s={search_term_string}"},"query-input":{"@type":"PropertyValueSpecification","valueRequired":true,"valueName":"search_term_string"}}],"inLanguage":"es"}]}},"_links":{"self":[{"href":"https:\/\/www.bumbal.eu\/es\/wp-json\/wp\/v2\/pages\/4686","targetHints":{"allow":["GET"]}}],"collection":[{"href":"https:\/\/www.bumbal.eu\/es\/wp-json\/wp\/v2\/pages"}],"about":[{"href":"https:\/\/www.bumbal.eu\/es\/wp-json\/wp\/v2\/types\/page"}],"author":[{"embeddable":true,"href":"https:\/\/www.bumbal.eu\/es\/wp-json\/wp\/v2\/users\/9"}],"replies":[{"embeddable":true,"href":"https:\/\/www.bumbal.eu\/es\/wp-json\/wp\/v2\/comments?post=4686"}],"version-history":[{"count":7,"href":"https:\/\/www.bumbal.eu\/es\/wp-json\/wp\/v2\/pages\/4686\/revisions"}],"predecessor-version":[{"id":6164,"href":"https:\/\/www.bumbal.eu\/es\/wp-json\/wp\/v2\/pages\/4686\/revisions\/6164"}],"wp:attachment":[{"href":"https:\/\/www.bumbal.eu\/es\/wp-json\/wp\/v2\/media?parent=4686"}],"curies":[{"name":"wp","href":"https:\/\/api.w.org\/{rel}","templated":true}]}}